{"id":13,"date":"2026-01-18T10:29:49","date_gmt":"2026-01-18T13:29:49","guid":{"rendered":"https:\/\/nes.uy\/?page_id=13"},"modified":"2026-01-27T11:47:07","modified_gmt":"2026-01-27T14:47:07","slug":"nuestra-app","status":"publish","type":"page","link":"https:\/\/nes.uy\/en\/nuestra-app\/","title":{"rendered":"Mobile App"},"content":{"rendered":"<section  class=\"w-full my-15 md:my-22 block__app\">\n\t<div class=\"content\">\n\t\t<div class=\"flex flex-col items-start justify-between md:flex-row gap-9 mb-15\">\n\t\t\t<div class=\"\">\n\t\t\t\t<p class=\"mb-6 p1\">Una soluci\u00f3n inteligente para la carga de veh\u00edculos el\u00e9ctricos<\/p>\n\t\t\t\t<h2 class=\"xl mb-11!\">Una APP, muchos usos<\/h2>\n\t\t\t\t<div class=\"heir-p:p2\"><p>Descarga nuestra aplicaci\u00f3n\u00a0 y encuentra los puntos de carga para tu veh\u00edculo el\u00e9ctrico. Completa los pasos, paga desde tu celular y carga tu veh\u00edculo de forma r\u00e1pida y sencilla.<\/p>\n<\/div>\n\t\t\t<\/div>\n\t\t\t<div class=\"grid grid-cols-[186px_80px_80px] items-center gap-6\">\n\t\t\t\t<p class=\"font-medium text-left md:text-right text-lg\/7\">Descarg\u00e1 nuestra aplicaci\u00f3n para Android y iOS<\/p>\n\t\t\t\t<a href=\"https:\/\/apps.apple.com\/es\/app\/nes-charge\/id6752952707\" class=\"flex items-center justify-center rounded-lg size-20 bg-foreground\">\n\t\t\t\t\t<svg width=\"18\" height=\"22\" viewbox=\"0 0 18 22\" fill=\"none\" xmlns=\"http:\/\/www.w3.org\/2000\/svg\">\n\t\t\t\t\t\t<path d=\"M14.7973 11.5804C14.819 9.89936 15.7217 8.30876 17.1539 7.4283C16.2504 6.13798 14.7371 5.31988 13.1627 5.27062C11.4835 5.09436 9.85552 6.27545 8.99981 6.27545C8.12754 6.27545 6.81004 5.28812 5.39131 5.31731C3.54206 5.37705 1.81809 6.42844 0.918393 8.04518C-1.01561 11.3936 0.426982 16.3146 2.27959 19.0213C3.20649 20.3466 4.28977 21.8271 5.70722 21.7746C7.09428 21.717 7.61232 20.8901 9.28662 20.8901C10.9454 20.8901 11.4314 21.7746 12.8776 21.7412C14.366 21.717 15.3038 20.4099 16.1981 19.072C16.8641 18.1277 17.3766 17.084 17.7166 15.9795C15.9674 15.2397 14.7994 13.4795 14.7973 11.5804Z\" fill=\"#FAFAFA\"\/>\n\t\t\t\t\t\t<path d=\"M12.0656 3.49062C12.8772 2.51641 13.277 1.26423 13.1802 0C11.9403 0.13022 10.7951 0.722779 9.97259 1.65961C9.1683 2.57494 8.74975 3.80509 8.82888 5.021C10.0692 5.03377 11.2885 4.45727 12.0656 3.49062Z\" fill=\"#FAFAFA\"\/>\n\t\t\t\t\t<\/svg>\n\t\t\t\t<\/a>\n\t\t\t\t<a href=\"https:\/\/play.google.com\/store\/apps\/details?id=com.enerlink.evx.paleson&#038;hl=es_DO\" class=\"flex items-center justify-center rounded-lg size-20 bg-foreground\">\n\t\t\t\t\t<svg width=\"24\" height=\"26\" viewbox=\"0 0 24 26\" fill=\"none\" xmlns=\"http:\/\/www.w3.org\/2000\/svg\">\n\t\t\t\t\t\t<path d=\"M10.7445 12.2836L0.0980225 23.5836C0.0984225 23.5859 0.0992223 23.5879 0.0996223 23.5902C0.426122 24.8172 1.54682 25.7207 2.87692 25.7207C3.40862 25.7207 3.90782 25.577 4.33592 25.3246L4.36992 25.3047L16.3539 18.3895L10.7445 12.2836Z\" fill=\"#EA4335\"\/>\n\t\t\t\t\t\t<path d=\"M21.5156 10.3593L21.5054 10.3523L16.3316 7.35298L10.5027 12.5398L16.3519 18.3882L21.4984 15.4187C22.4007 14.9316 23.0132 13.9804 23.0132 12.8835C23.0132 11.7945 22.4089 10.848 21.5156 10.3593Z\" fill=\"#FBBC04\"\/>\n\t\t\t\t\t\t<path d=\"M0.0976402 2.13658C0.0336402 2.37258 0 2.61978 0 2.87648V22.8441C0 23.1003 0.03324 23.3483 0.09804 23.5835L11.1109 12.5726L0.0976402 2.13658Z\" fill=\"#4285F4\"\/>\n\t\t\t\t\t\t<path d=\"M10.8231 12.8604L16.3337 7.35135L4.36326 0.411151C3.92816 0.150551 3.42036 0.000152588 2.87696 0.000152588C1.54686 0.000152588 0.424656 0.905252 0.098056 2.13375C0.097656 2.13495 0.0976563 2.13575 0.0976563 2.13685L10.8231 12.8604Z\" fill=\"#34A853\"\/>\n\t\t\t\t\t<\/svg>\n\t\t\t\t<\/a>\n\t\t\t<\/div>\n\t\t<\/div>\n\t\t<div class=\"grid grid-cols-1 gap-8 md:grid-cols-3 justify-items-center md:justify-items-normal\">\n\t\t\t\t\t\t\t<img decoding=\"async\"  src=\"https:\/\/nes.uy\/app\/uploads\/2026\/01\/Funcionalidades1.webp\" width=\"355\" height=\"790\" loading=\"lazy\" alt=\"\" class=\"\">\n\t\t\t\t\t\t\t<img decoding=\"async\"  src=\"https:\/\/nes.uy\/app\/uploads\/2026\/01\/Funcionalidades2.webp\" width=\"355\" height=\"790\" loading=\"lazy\" alt=\"\" class=\"\">\n\t\t\t\t\t\t\t<img decoding=\"async\"  src=\"https:\/\/nes.uy\/app\/uploads\/2026\/01\/Funcionalidades3.webp\" width=\"355\" height=\"790\" loading=\"lazy\" alt=\"\" class=\"\">\n\t\t\t\t\t<\/div>\n\t<\/div>\n<\/section>\n\n\n\n<div class=\"wp-block-group content\"><div class=\"wp-block-group__inner-container is-layout-constrained wp-block-group-is-layout-constrained\">\n<figure class=\"wp-block-video\"><video height=\"2160\" style=\"aspect-ratio: 3840 \/ 2160;\" width=\"3840\" autoplay controls muted src=\"https:\/\/nes.uy\/app\/uploads\/2026\/01\/NES-Dec-11.mp4\" playsinline><\/video><\/figure>\n<\/div><\/div>\n\n\n<section  class=\"w-full my-15 md:my-22 block__text-block\">\n\t<div class=\"grid grid-cols-1 gap-6 content \">\n\t\t\t\t<div class=\"md:col-span-7  \">\n\t\t\t<h2 class=\"mb-10! styled-title\"><p>\u00a1\u00danete a nuestra comunidad!<\/p>\n<\/h2>\n\t\t\t<div class=\"mb-10 heir-p:p2\"><p>Lanzamos una nueva aplicaci\u00f3n dise\u00f1ada para facilitar la experiencia de carga de veh\u00edculos el\u00e9ctricos. Esta plataforma marca un paso m\u00e1s en nuestro <strong>compromiso con la movilidad sostenible<\/strong>, ofreciendo una soluci\u00f3n <strong>moderna, pr\u00e1ctica y accesible<\/strong> para todos los usuarios.\u2028A trav\u00e9s de la app, los conductores pueden localizar cargadores disponibles, <strong>filtrar por potencia y tipo de conector<\/strong>, y comenzar la <strong>carga de forma r\u00e1pida y segura<\/strong> directamente desde su dispositivo m\u00f3vil. Adem\u00e1s, permite incorporar <strong>nuevas estaciones de carga a la red<\/strong>, incluso aquellas que no hayan sido vendidas por <strong>NES<\/strong>, ampliando as\u00ed las posibilidades de conexi\u00f3n en todo el territorio.<\/p>\n<\/div>\n\t\t\t\t\t\t\t\t<\/div>\n\t<\/div>\n<\/section>\n\n\n<section  class=\"w-full my-15 md:my-22 block__app\">\n\t<div class=\"content\">\n\t\t<div class=\"flex flex-col items-start justify-between md:flex-row gap-9 mb-15\">\n\t\t\t<div class=\"\">\n\t\t\t\t<p class=\"mb-6 p1\">Una soluci\u00f3n inteligente para la carga de veh\u00edculos el\u00e9ctricos<\/p>\n\t\t\t\t<h2 class=\"xl mb-11!\"><\/h2>\n\t\t\t\t<div class=\"heir-p:p2\"><\/div>\n\t\t\t<\/div>\n\t\t\t<div class=\"grid grid-cols-[186px_80px_80px] items-center gap-6\">\n\t\t\t\t<p class=\"font-medium text-left md:text-right text-lg\/7\">Descarg\u00e1 nuestra aplicaci\u00f3n para Android y iOS<\/p>\n\t\t\t\t<a href=\"https:\/\/apps.apple.com\/es\/app\/nes-charge\/id6752952707\" class=\"flex items-center justify-center rounded-lg size-20 bg-foreground\">\n\t\t\t\t\t<svg width=\"18\" height=\"22\" viewbox=\"0 0 18 22\" fill=\"none\" xmlns=\"http:\/\/www.w3.org\/2000\/svg\">\n\t\t\t\t\t\t<path d=\"M14.7973 11.5804C14.819 9.89936 15.7217 8.30876 17.1539 7.4283C16.2504 6.13798 14.7371 5.31988 13.1627 5.27062C11.4835 5.09436 9.85552 6.27545 8.99981 6.27545C8.12754 6.27545 6.81004 5.28812 5.39131 5.31731C3.54206 5.37705 1.81809 6.42844 0.918393 8.04518C-1.01561 11.3936 0.426982 16.3146 2.27959 19.0213C3.20649 20.3466 4.28977 21.8271 5.70722 21.7746C7.09428 21.717 7.61232 20.8901 9.28662 20.8901C10.9454 20.8901 11.4314 21.7746 12.8776 21.7412C14.366 21.717 15.3038 20.4099 16.1981 19.072C16.8641 18.1277 17.3766 17.084 17.7166 15.9795C15.9674 15.2397 14.7994 13.4795 14.7973 11.5804Z\" fill=\"#FAFAFA\"\/>\n\t\t\t\t\t\t<path d=\"M12.0656 3.49062C12.8772 2.51641 13.277 1.26423 13.1802 0C11.9403 0.13022 10.7951 0.722779 9.97259 1.65961C9.1683 2.57494 8.74975 3.80509 8.82888 5.021C10.0692 5.03377 11.2885 4.45727 12.0656 3.49062Z\" fill=\"#FAFAFA\"\/>\n\t\t\t\t\t<\/svg>\n\t\t\t\t<\/a>\n\t\t\t\t<a href=\"https:\/\/play.google.com\/store\/apps\/details?id=com.enerlink.evx.paleson&#038;hl=es_DO\" class=\"flex items-center justify-center rounded-lg size-20 bg-foreground\">\n\t\t\t\t\t<svg width=\"24\" height=\"26\" viewbox=\"0 0 24 26\" fill=\"none\" xmlns=\"http:\/\/www.w3.org\/2000\/svg\">\n\t\t\t\t\t\t<path d=\"M10.7445 12.2836L0.0980225 23.5836C0.0984225 23.5859 0.0992223 23.5879 0.0996223 23.5902C0.426122 24.8172 1.54682 25.7207 2.87692 25.7207C3.40862 25.7207 3.90782 25.577 4.33592 25.3246L4.36992 25.3047L16.3539 18.3895L10.7445 12.2836Z\" fill=\"#EA4335\"\/>\n\t\t\t\t\t\t<path d=\"M21.5156 10.3593L21.5054 10.3523L16.3316 7.35298L10.5027 12.5398L16.3519 18.3882L21.4984 15.4187C22.4007 14.9316 23.0132 13.9804 23.0132 12.8835C23.0132 11.7945 22.4089 10.848 21.5156 10.3593Z\" fill=\"#FBBC04\"\/>\n\t\t\t\t\t\t<path d=\"M0.0976402 2.13658C0.0336402 2.37258 0 2.61978 0 2.87648V22.8441C0 23.1003 0.03324 23.3483 0.09804 23.5835L11.1109 12.5726L0.0976402 2.13658Z\" fill=\"#4285F4\"\/>\n\t\t\t\t\t\t<path d=\"M10.8231 12.8604L16.3337 7.35135L4.36326 0.411151C3.92816 0.150551 3.42036 0.000152588 2.87696 0.000152588C1.54686 0.000152588 0.424656 0.905252 0.098056 2.13375C0.097656 2.13495 0.0976563 2.13575 0.0976563 2.13685L10.8231 12.8604Z\" fill=\"#34A853\"\/>\n\t\t\t\t\t<\/svg>\n\t\t\t\t<\/a>\n\t\t\t<\/div>\n\t\t<\/div>\n\t\t<div class=\"grid grid-cols-1 gap-8 md:grid-cols-3 justify-items-center md:justify-items-normal\">\n\t\t\t\t\t<\/div>\n\t<\/div>\n<\/section>\n","protected":false},"excerpt":{"rendered":"","protected":false},"author":1,"featured_media":0,"parent":0,"menu_order":0,"comment_status":"closed","ping_status":"closed","template":"tpl-interna.php","meta":{"_acf_changed":false,"footnotes":""},"class_list":["post-13","page","type-page","status-publish","hentry"],"acf":[],"yoast_head":"<!-- This site is optimized with the Yoast SEO plugin v26.7 - https:\/\/yoast.com\/wordpress\/plugins\/seo\/ -->\n<title>Nuestra App | New Energy Solutions<\/title>\n<meta name=\"robots\" content=\"index, follow, max-snippet:-1, max-image-preview:large, max-video-preview:-1\" \/>\n<link rel=\"canonical\" href=\"https:\/\/nes.uy\/en\/nuestra-app\/\" \/>\n<meta property=\"og:locale\" content=\"en_US\" \/>\n<meta property=\"og:type\" content=\"article\" \/>\n<meta property=\"og:title\" content=\"Nuestra App | New Energy Solutions\" \/>\n<meta property=\"og:url\" content=\"https:\/\/nes.uy\/en\/nuestra-app\/\" \/>\n<meta property=\"og:site_name\" content=\"New Energy Solutions\" \/>\n<meta property=\"article:modified_time\" content=\"2026-01-27T14:47:07+00:00\" \/>\n<meta property=\"og:image\" content=\"https:\/\/nes.uy\/app\/uploads\/2026\/01\/e291963366136fbae29a093f54a5e184d3717195.jpg\" \/>\n\t<meta property=\"og:image:width\" content=\"1000\" \/>\n\t<meta property=\"og:image:height\" content=\"666\" \/>\n\t<meta property=\"og:image:type\" content=\"image\/jpeg\" \/>\n<meta name=\"twitter:card\" content=\"summary_large_image\" \/>\n<script type=\"application\/ld+json\" class=\"yoast-schema-graph\">{\"@context\":\"https:\/\/schema.org\",\"@graph\":[{\"@type\":\"WebPage\",\"@id\":\"https:\/\/nes.uy\/nuestra-app\/\",\"url\":\"https:\/\/nes.uy\/nuestra-app\/\",\"name\":\"Nuestra App | New Energy Solutions\",\"isPartOf\":{\"@id\":\"https:\/\/nes.uy\/#website\"},\"datePublished\":\"2026-01-18T13:29:49+00:00\",\"dateModified\":\"2026-01-27T14:47:07+00:00\",\"breadcrumb\":{\"@id\":\"https:\/\/nes.uy\/nuestra-app\/#breadcrumb\"},\"inLanguage\":\"en-US\",\"potentialAction\":[{\"@type\":\"ReadAction\",\"target\":[\"https:\/\/nes.uy\/nuestra-app\/\"]}]},{\"@type\":\"BreadcrumbList\",\"@id\":\"https:\/\/nes.uy\/nuestra-app\/#breadcrumb\",\"itemListElement\":[{\"@type\":\"ListItem\",\"position\":1,\"name\":\"Inicio\",\"item\":\"https:\/\/nes.uy\/\"},{\"@type\":\"ListItem\",\"position\":2,\"name\":\"Nuestra App\"}]},{\"@type\":\"WebSite\",\"@id\":\"https:\/\/nes.uy\/#website\",\"url\":\"https:\/\/nes.uy\/\",\"name\":\"New Energy Solutions\",\"description\":\"Impulsamos el cambio hacia un futuro sostenible.\",\"publisher\":{\"@id\":\"https:\/\/nes.uy\/#organization\"},\"potentialAction\":[{\"@type\":\"SearchAction\",\"target\":{\"@type\":\"EntryPoint\",\"urlTemplate\":\"https:\/\/nes.uy\/?s={search_term_string}\"},\"query-input\":{\"@type\":\"PropertyValueSpecification\",\"valueRequired\":true,\"valueName\":\"search_term_string\"}}],\"inLanguage\":\"en-US\"},{\"@type\":\"Organization\",\"@id\":\"https:\/\/nes.uy\/#organization\",\"name\":\"New Energy Solutions\",\"url\":\"https:\/\/nes.uy\/\",\"logo\":{\"@type\":\"ImageObject\",\"inLanguage\":\"en-US\",\"@id\":\"https:\/\/nes.uy\/#\/schema\/logo\/image\/\",\"url\":\"https:\/\/nes.uy\/app\/uploads\/2026\/01\/Logo-Nes-Color-1.svg\",\"contentUrl\":\"https:\/\/nes.uy\/app\/uploads\/2026\/01\/Logo-Nes-Color-1.svg\",\"width\":1,\"height\":1,\"caption\":\"New Energy Solutions\"},\"image\":{\"@id\":\"https:\/\/nes.uy\/#\/schema\/logo\/image\/\"},\"sameAs\":[\"https:\/\/www.instagram.com\/newenergysolutions_\/\",\"https:\/\/www.linkedin.com\/company\/92821427\/admin\/dashboard\/\"]}]}<\/script>\n<!-- \/ Yoast SEO plugin. -->","yoast_head_json":{"title":"Nuestra App | New Energy Solutions","robots":{"index":"index","follow":"follow","max-snippet":"max-snippet:-1","max-image-preview":"max-image-preview:large","max-video-preview":"max-video-preview:-1"},"canonical":"https:\/\/nes.uy\/en\/nuestra-app\/","og_locale":"en_US","og_type":"article","og_title":"Nuestra App | New Energy Solutions","og_url":"https:\/\/nes.uy\/en\/nuestra-app\/","og_site_name":"New Energy Solutions","article_modified_time":"2026-01-27T14:47:07+00:00","og_image":[{"width":1000,"height":666,"url":"https:\/\/nes.uy\/app\/uploads\/2026\/01\/e291963366136fbae29a093f54a5e184d3717195.jpg","type":"image\/jpeg"}],"twitter_card":"summary_large_image","schema":{"@context":"https:\/\/schema.org","@graph":[{"@type":"WebPage","@id":"https:\/\/nes.uy\/nuestra-app\/","url":"https:\/\/nes.uy\/nuestra-app\/","name":"Nuestra App | New Energy Solutions","isPartOf":{"@id":"https:\/\/nes.uy\/#website"},"datePublished":"2026-01-18T13:29:49+00:00","dateModified":"2026-01-27T14:47:07+00:00","breadcrumb":{"@id":"https:\/\/nes.uy\/nuestra-app\/#breadcrumb"},"inLanguage":"en-US","potentialAction":[{"@type":"ReadAction","target":["https:\/\/nes.uy\/nuestra-app\/"]}]},{"@type":"BreadcrumbList","@id":"https:\/\/nes.uy\/nuestra-app\/#breadcrumb","itemListElement":[{"@type":"ListItem","position":1,"name":"Inicio","item":"https:\/\/nes.uy\/"},{"@type":"ListItem","position":2,"name":"Nuestra App"}]},{"@type":"WebSite","@id":"https:\/\/nes.uy\/#website","url":"https:\/\/nes.uy\/","name":"New Energy Solutions","description":"Impulsamos el cambio hacia un futuro sostenible.","publisher":{"@id":"https:\/\/nes.uy\/#organization"},"potentialAction":[{"@type":"SearchAction","target":{"@type":"EntryPoint","urlTemplate":"https:\/\/nes.uy\/?s={search_term_string}"},"query-input":{"@type":"PropertyValueSpecification","valueRequired":true,"valueName":"search_term_string"}}],"inLanguage":"en-US"},{"@type":"Organization","@id":"https:\/\/nes.uy\/#organization","name":"New Energy Solutions","url":"https:\/\/nes.uy\/","logo":{"@type":"ImageObject","inLanguage":"en-US","@id":"https:\/\/nes.uy\/#\/schema\/logo\/image\/","url":"https:\/\/nes.uy\/app\/uploads\/2026\/01\/Logo-Nes-Color-1.svg","contentUrl":"https:\/\/nes.uy\/app\/uploads\/2026\/01\/Logo-Nes-Color-1.svg","width":1,"height":1,"caption":"New Energy Solutions"},"image":{"@id":"https:\/\/nes.uy\/#\/schema\/logo\/image\/"},"sameAs":["https:\/\/www.instagram.com\/newenergysolutions_\/","https:\/\/www.linkedin.com\/company\/92821427\/admin\/dashboard\/"]}]}},"_links":{"self":[{"href":"https:\/\/nes.uy\/en\/wp-json\/wp\/v2\/pages\/13","targetHints":{"allow":["GET"]}}],"collection":[{"href":"https:\/\/nes.uy\/en\/wp-json\/wp\/v2\/pages"}],"about":[{"href":"https:\/\/nes.uy\/en\/wp-json\/wp\/v2\/types\/page"}],"author":[{"embeddable":true,"href":"https:\/\/nes.uy\/en\/wp-json\/wp\/v2\/users\/1"}],"replies":[{"embeddable":true,"href":"https:\/\/nes.uy\/en\/wp-json\/wp\/v2\/comments?post=13"}],"version-history":[{"count":6,"href":"https:\/\/nes.uy\/en\/wp-json\/wp\/v2\/pages\/13\/revisions"}],"predecessor-version":[{"id":360,"href":"https:\/\/nes.uy\/en\/wp-json\/wp\/v2\/pages\/13\/revisions\/360"}],"wp:attachment":[{"href":"https:\/\/nes.uy\/en\/wp-json\/wp\/v2\/media?parent=13"}],"curies":[{"name":"wp","href":"https:\/\/api.w.org\/{rel}","templated":true}]}}